{"id":18,"date":"2019-12-10T13:29:37","date_gmt":"2019-12-10T12:29:37","guid":{"rendered":"http:\/\/optitskippy.fr\/?page_id=18"},"modified":"2025-10-27T16:01:32","modified_gmt":"2025-10-27T15:01:32","slug":"pre-inscription","status":"publish","type":"page","link":"https:\/\/optitskippy.fr\/index.php\/pre-inscription\/","title":{"rendered":"Pr\u00e9-inscription"},"content":{"rendered":"\n<p><\/p>\n\n\n\n<p>Formulaire de pr\u00e9-inscriptions qui vous place sur une liste d&rsquo;attente. &nbsp;Ce formulaire ne vous engage \u00e0 rien, il ne s&rsquo;agit pas d&rsquo;une inscription d\u00e9finitive.<\/p>\n\n\n\n<p>\u200bCeci ne vous garantit pas une place en cr\u00e8che, nous vous re-contacterons dans les plus brefs d\u00e9lais.<\/p>\n\n\n\n<p>Vous pouvez vous servir de ce formulaire pour une simple demande de devis.<\/p>\n\n\n\n<p>Nous restons \u00e0 votre enti\u00e8re disposition pour toutes vos questions \u00e0\u00a0<a href=\"contact@optskippy.fr\" data-type=\"URL\" data-id=\"contact@optskippy.fr\" target=\"_blank\" rel=\"noreferrer noopener\">contact@optskippy.fr<\/a> ou au 06.42.97.69.31 <\/p>\n\n\n\n\n<!-- iframe plugin v.6.0 wordpress.org\/plugins\/iframe\/ -->\n<iframe loading=\"lazy\" src=\"https:\/\/o-ptit-skippy.meeko.site\/iframe\/registration\" width=\"100%\" height=\"500\" scrolling=\"yes\" class=\"iframe-class\" frameborder=\"0\"><\/iframe>\n\n","protected":false},"excerpt":{"rendered":"<p>Formulaire de pr\u00e9-inscriptions qui vous place sur une liste d&rsquo;attente. &nbsp;Ce formulaire ne vous engage \u00e0 rien, il ne s&rsquo;agit pas d&rsquo;une [&hellip;]<\/p>\n","protected":false},"author":1,"featured_media":0,"parent":0,"menu_order":0,"comment_status":"closed","ping_status":"closed","template":"","meta":{"footnotes":""},"class_list":["post-18","page","type-page","status-publish","hentry"],"_links":{"self":[{"href":"https:\/\/optitskippy.fr\/index.php\/wp-json\/wp\/v2\/pages\/18","targetHints":{"allow":["GET"]}}],"collection":[{"href":"https:\/\/optitskippy.fr\/index.php\/wp-json\/wp\/v2\/pages"}],"about":[{"href":"https:\/\/optitskippy.fr\/index.php\/wp-json\/wp\/v2\/types\/page"}],"author":[{"embeddable":true,"href":"https:\/\/optitskippy.fr\/index.php\/wp-json\/wp\/v2\/users\/1"}],"replies":[{"embeddable":true,"href":"https:\/\/optitskippy.fr\/index.php\/wp-json\/wp\/v2\/comments?post=18"}],"version-history":[{"count":20,"href":"https:\/\/optitskippy.fr\/index.php\/wp-json\/wp\/v2\/pages\/18\/revisions"}],"predecessor-version":[{"id":149,"href":"https:\/\/optitskippy.fr\/index.php\/wp-json\/wp\/v2\/pages\/18\/revisions\/149"}],"wp:attachment":[{"href":"https:\/\/optitskippy.fr\/index.php\/wp-json\/wp\/v2\/media?parent=18"}],"curies":[{"name":"wp","href":"https:\/\/api.w.org\/{rel}","templated":true}]}}